{"id":159,"date":"2020-05-18T00:22:38","date_gmt":"2020-05-17T22:22:38","guid":{"rendered":"http:\/\/luigigandi.info\/sito\/?page_id=159"},"modified":"2023-08-30T11:53:42","modified_gmt":"2023-08-30T09:53:42","slug":"casa","status":"publish","type":"page","link":"https:\/\/luigigandi.info\/sito\/","title":{"rendered":"Luigi Gandi"},"content":{"rendered":"\n<p><\/p>\n\n\n\n\n<!--themify_builder_static--><p>Questo \u00e8 il sito professionale del giornalista Luigi Gandi, contiene il suo Curriculum, le sue attivit\u00e0, permette <a href=\"https:\/\/luigigandi.info\/sito\/contatti\/\" target=\"_blank\" rel=\"noreferrer noopener\">di scrivergli<\/a> e collegarsi<a href=\"https:\/\/www.luigigandi.com\/tv\/\" target=\"_blank\" rel=\"noreferrer noopener\"> alla sua Web TV<\/a> (clicca qui o sull&#8217;immagine pi\u00f9 sotto).<\/p> <p>Per contattare il dott. Gandi scrivere una email a luigi.gandi(AT)libero.it (sostituire (AT) con @ )<\/p>\n<a href=\"http:\/\/www.luigigandi.com\/tv\/\" > <img loading=\"lazy\" decoding=\"async\" src=\"https:\/\/luigigandi.info\/sito\/wp-content\/uploads\/slider1.png\" width=\"360\" height=\"200\" alt=\"Mediateca Web TV\"> <\/a> \n <h3> <a href=\"http:\/\/www.luigigandi.com\/tv\/\">Mediateca Web TV<\/a> <\/h3> <a href=\"https:\/\/www.luigigandi.com\/tv\/\" > <img loading=\"lazy\" decoding=\"async\" src=\"https:\/\/luigigandi.info\/sito\/wp-content\/uploads\/slider2.png\" width=\"360\" height=\"200\" alt=\"Rubrica &quot;il Fatto&quot;\"> <\/a> \n <h3> <a href=\"https:\/\/www.luigigandi.com\/tv\/\">Rubrica &#8220;il Fatto&#8221;<\/a> <\/h3><!--\/themify_builder_static-->","protected":false},"excerpt":{"rendered":"<p>Questo \u00e8 il sito professionale del giornalista Luigi Gandi, contiene il suo Curriculum, le sue attivit\u00e0, permette di scrivergli e collegarsi alla sua Web TV (clicca qui o sull&#8217;immagine pi\u00f9 sotto). Per contattare il dott. Gandi scrivere una email a luigi.gandi(AT)libero.it (sostituire (AT) con @ ) Mediateca Web TV Rubrica &#8220;il Fatto&#8221;<\/p>\n","protected":false},"author":1,"featured_media":0,"parent":0,"menu_order":0,"comment_status":"closed","ping_status":"closed","template":"","meta":{"footnotes":""},"class_list":["post-159","page","type-page","status-publish","hentry"],"_links":{"self":[{"href":"https:\/\/luigigandi.info\/sito\/wp-json\/wp\/v2\/pages\/159","targetHints":{"allow":["GET"]}}],"collection":[{"href":"https:\/\/luigigandi.info\/sito\/wp-json\/wp\/v2\/pages"}],"about":[{"href":"https:\/\/luigigandi.info\/sito\/wp-json\/wp\/v2\/types\/page"}],"author":[{"embeddable":true,"href":"https:\/\/luigigandi.info\/sito\/wp-json\/wp\/v2\/users\/1"}],"replies":[{"embeddable":true,"href":"https:\/\/luigigandi.info\/sito\/wp-json\/wp\/v2\/comments?post=159"}],"version-history":[{"count":23,"href":"https:\/\/luigigandi.info\/sito\/wp-json\/wp\/v2\/pages\/159\/revisions"}],"predecessor-version":[{"id":242,"href":"https:\/\/luigigandi.info\/sito\/wp-json\/wp\/v2\/pages\/159\/revisions\/242"}],"wp:attachment":[{"href":"https:\/\/luigigandi.info\/sito\/wp-json\/wp\/v2\/media?parent=159"}],"curies":[{"name":"wp","href":"https:\/\/api.w.org\/{rel}","templated":true}]}}